{"id":8,"date":"2025-04-09T14:21:23","date_gmt":"2025-04-09T12:21:23","guid":{"rendered":"https:\/\/cofidef.fr\/?page_id=8"},"modified":"2025-04-29T21:38:37","modified_gmt":"2025-04-29T19:38:37","slug":"contact","status":"publish","type":"page","link":"https:\/\/cofidef.fr\/index.php\/contact\/","title":{"rendered":"Contactez nous"},"content":{"rendered":"\n<div class=\"wp-block-columns is-layout-flex wp-container-core-columns-is-layout-9d6595d7 wp-block-columns-is-layout-flex\">\n<div class=\"wp-block-column is-layout-flow wp-block-column-is-layout-flow\" style=\"flex-basis:100%\">\n<p><strong>Adresse<\/strong> : <br>COFIDEF SAS<br>Parc du Domaine de St Paul<br>Saint-R\u00e9my-les-Chevreuses, FRANCE<br><br><strong>E-mail<\/strong> : <a href=\"mailto:contact@cofidef.fr\">contact@cofidef.fr<\/a><\/p>\n\n\n\n<p><\/p>\n\n\n\n<p><img loading=\"lazy\" decoding=\"async\" width=\"150\" height=\"178\" class=\"wp-image-247\" style=\"width: 150px;\" src=\"http:\/\/cofidef.fr\/wp-content\/uploads\/2025\/04\/c3a12249-f129-4167-b86a-9fed24c39e19.jpeg\" alt=\"\" srcset=\"https:\/\/cofidef.fr\/wp-content\/uploads\/2025\/04\/c3a12249-f129-4167-b86a-9fed24c39e19.jpeg 1722w, https:\/\/cofidef.fr\/wp-content\/uploads\/2025\/04\/c3a12249-f129-4167-b86a-9fed24c39e19-252x300.jpeg 252w, https:\/\/cofidef.fr\/wp-content\/uploads\/2025\/04\/c3a12249-f129-4167-b86a-9fed24c39e19-861x1024.jpeg 861w, https:\/\/cofidef.fr\/wp-content\/uploads\/2025\/04\/c3a12249-f129-4167-b86a-9fed24c39e19-768x913.jpeg 768w, https:\/\/cofidef.fr\/wp-content\/uploads\/2025\/04\/c3a12249-f129-4167-b86a-9fed24c39e19-1292x1536.jpeg 1292w, https:\/\/cofidef.fr\/wp-content\/uploads\/2025\/04\/c3a12249-f129-4167-b86a-9fed24c39e19-1200x1427.jpeg 1200w\" sizes=\"auto, (max-width: 150px) 100vw, 150px\" \/><br><strong>Jean Jo\u00ebl VEYRENC<\/strong> <br><em>Executive Partner France<\/em><br><a href=\"https:\/\/www.linkedin.com\/in\/jean-joel-veyrenc-35141743\">LinkedIn<\/a> <\/p>\n\n\n\n<p><img loading=\"lazy\" decoding=\"async\" width=\"150\" height=\"144\" class=\"wp-image-251\" style=\"width: 150px;\" src=\"http:\/\/cofidef.fr\/wp-content\/uploads\/2025\/04\/IMG_3515.jpeg\" alt=\"\" srcset=\"https:\/\/cofidef.fr\/wp-content\/uploads\/2025\/04\/IMG_3515.jpeg 1170w, https:\/\/cofidef.fr\/wp-content\/uploads\/2025\/04\/IMG_3515-300x288.jpeg 300w, https:\/\/cofidef.fr\/wp-content\/uploads\/2025\/04\/IMG_3515-1024x984.jpeg 1024w, https:\/\/cofidef.fr\/wp-content\/uploads\/2025\/04\/IMG_3515-768x738.jpeg 768w\" sizes=\"auto, (max-width: 150px) 100vw, 150px\" \/><br><strong>Lo\u00efc DORGERET<\/strong><br><em>Executive Partner Afrique<\/em><br><a href=\"https:\/\/www.linkedin.com\/in\/dorgeret\">LinkedIn<\/a><\/p>\n<\/div>\n<\/div>\n\n\n\n<p><\/p>\n","protected":false},"excerpt":{"rendered":"<p>Adresse : COFIDEF SASParc du Domaine de St PaulSaint-R\u00e9my-les-Chevreuses, FRANCE E-mail : contact@cofidef.fr Jean Jo\u00ebl VEYRENC Executive Partner FranceLinkedIn Lo\u00efc DORGERETExecutive Partner AfriqueLinkedIn<\/p>\n","protected":false},"author":1,"featured_media":67,"parent":0,"menu_order":0,"comment_status":"closed","ping_status":"closed","template":"","meta":{"footnotes":""},"class_list":["post-8","page","type-page","status-publish","has-post-thumbnail","hentry"],"_links":{"self":[{"href":"https:\/\/cofidef.fr\/index.php\/wp-json\/wp\/v2\/pages\/8","targetHints":{"allow":["GET"]}}],"collection":[{"href":"https:\/\/cofidef.fr\/index.php\/wp-json\/wp\/v2\/pages"}],"about":[{"href":"https:\/\/cofidef.fr\/index.php\/wp-json\/wp\/v2\/types\/page"}],"author":[{"embeddable":true,"href":"https:\/\/cofidef.fr\/index.php\/wp-json\/wp\/v2\/users\/1"}],"replies":[{"embeddable":true,"href":"https:\/\/cofidef.fr\/index.php\/wp-json\/wp\/v2\/comments?post=8"}],"version-history":[{"count":14,"href":"https:\/\/cofidef.fr\/index.php\/wp-json\/wp\/v2\/pages\/8\/revisions"}],"predecessor-version":[{"id":260,"href":"https:\/\/cofidef.fr\/index.php\/wp-json\/wp\/v2\/pages\/8\/revisions\/260"}],"wp:featuredmedia":[{"embeddable":true,"href":"https:\/\/cofidef.fr\/index.php\/wp-json\/wp\/v2\/media\/67"}],"wp:attachment":[{"href":"https:\/\/cofidef.fr\/index.php\/wp-json\/wp\/v2\/media?parent=8"}],"curies":[{"name":"wp","href":"https:\/\/api.w.org\/{rel}","templated":true}]}}