{"id":6,"date":"2025-04-09T14:21:23","date_gmt":"2025-04-09T12:21:23","guid":{"rendered":"https:\/\/cofidef.fr\/?page_id=6"},"modified":"2025-04-26T11:42:05","modified_gmt":"2025-04-26T09:42:05","slug":"cofidef","status":"publish","type":"page","link":"https:\/\/cofidef.fr\/","title":{"rendered":"Cofidef"},"content":{"rendered":"\n<div class=\"wp-block-group alignwide\"><div class=\"wp-block-group__inner-container is-layout-flow wp-block-group-is-layout-flow\">\n<h2 class=\"wp-block-heading has-text-align-center\">Promoteur Solaire en Afrique<\/h2>\n\n\n\n<p class=\"has-text-align-center\"><em>Un M\u00e9tier Passionnant, Une Passion Raisonn\u00e9e<\/em><\/p>\n<\/div><\/div>\n\n\n\n<div class=\"wp-block-columns alignwide is-layout-flex wp-container-core-columns-is-layout-9d6595d7 wp-block-columns-is-layout-flex\">\n<div class=\"wp-block-column is-layout-flow wp-block-column-is-layout-flow\">\n<div class=\"wp-block-group\"><div class=\"wp-block-group__inner-container is-layout-flow wp-block-group-is-layout-flow\">\n<figure class=\"wp-block-image alignfull size-full\"><img loading=\"lazy\" decoding=\"async\" width=\"1200\" height=\"627\" src=\"http:\/\/cofidef.fr\/wp-content\/uploads\/2025\/04\/IMG_3241.jpeg\" alt=\"\" class=\"wp-image-86\" srcset=\"https:\/\/cofidef.fr\/wp-content\/uploads\/2025\/04\/IMG_3241.jpeg 1200w, https:\/\/cofidef.fr\/wp-content\/uploads\/2025\/04\/IMG_3241-300x157.jpeg 300w, https:\/\/cofidef.fr\/wp-content\/uploads\/2025\/04\/IMG_3241-1024x535.jpeg 1024w, https:\/\/cofidef.fr\/wp-content\/uploads\/2025\/04\/IMG_3241-768x401.jpeg 768w\" sizes=\"auto, (max-width: 1200px) 100vw, 1200px\" \/><\/figure>\n\n\n\n<h3 class=\"wp-block-heading\">Guin\u00e9e Conakry &#8211; 100MWc<\/h3>\n\n\n\n<p>D\u00e9couvrez notre projet d\u00e9j\u00e0 pr\u00e9-contractualis\u00e9<\/p>\n\n\n\n<div class=\"wp-block-button is-style-outline is-style-outline--1\"><a class=\"wp-block-button__link wp-element-button\" href=\"https:\/\/cofidef.fr\/index.php\/guinee-conakry\/\">Lire la suite<\/a><\/div>\n<\/div><\/div>\n\n\n\n<div class=\"wp-block-group\"><div class=\"wp-block-group__inner-container is-layout-flow wp-block-group-is-layout-flow\">\n<figure class=\"wp-block-image alignfull size-full\"><img loading=\"lazy\" decoding=\"async\" width=\"1216\" height=\"684\" src=\"http:\/\/cofidef.fr\/wp-content\/uploads\/2025\/04\/IMG_3251.jpeg\" alt=\"\" class=\"wp-image-76\" srcset=\"https:\/\/cofidef.fr\/wp-content\/uploads\/2025\/04\/IMG_3251.jpeg 1216w, https:\/\/cofidef.fr\/wp-content\/uploads\/2025\/04\/IMG_3251-300x169.jpeg 300w, https:\/\/cofidef.fr\/wp-content\/uploads\/2025\/04\/IMG_3251-1024x576.jpeg 1024w, https:\/\/cofidef.fr\/wp-content\/uploads\/2025\/04\/IMG_3251-768x432.jpeg 768w, https:\/\/cofidef.fr\/wp-content\/uploads\/2025\/04\/IMG_3251-1200x675.jpeg 1200w\" sizes=\"auto, (max-width: 1216px) 100vw, 1216px\" \/><\/figure>\n\n\n\n<h3 class=\"wp-block-heading\">Lib\u00e9ria &#8211; 100 MWc<\/h3>\n\n\n\n<p>D\u00e9couvrez notre projet d\u00e9j\u00e0 pr\u00e9-contractualis\u00e9.<\/p>\n\n\n\n<div class=\"wp-block-button is-style-outline is-style-outline--2\"><a class=\"wp-block-button__link wp-element-button\" href=\"https:\/\/cofidef.fr\/index.php\/cofergie-liberia\/\">Lire la suite<\/a><\/div>\n<\/div><\/div>\n<\/div>\n\n\n\n<div class=\"wp-block-column is-layout-flow wp-block-column-is-layout-flow\">\n<div class=\"wp-block-group\"><div class=\"wp-block-group__inner-container is-layout-flow wp-block-group-is-layout-flow\">\n<figure class=\"wp-block-image alignfull size-full\"><img loading=\"lazy\" decoding=\"async\" width=\"390\" height=\"280\" src=\"http:\/\/cofidef.fr\/wp-content\/uploads\/2025\/04\/IMG_3246.webp\" alt=\"\" class=\"wp-image-81\" srcset=\"https:\/\/cofidef.fr\/wp-content\/uploads\/2025\/04\/IMG_3246.webp 390w, https:\/\/cofidef.fr\/wp-content\/uploads\/2025\/04\/IMG_3246-300x215.webp 300w\" sizes=\"auto, (max-width: 390px) 100vw, 390px\" \/><figcaption class=\"wp-element-caption\">Freetown<\/figcaption><\/figure>\n\n\n\n<h3 class=\"wp-block-heading\">Sierra Leone \u2022 50 MWc<\/h3>\n\n\n\n<p>D\u00e9couvrez notre projet d\u00e9j\u00e0 pr\u00e9-contractualis\u00e9<\/p>\n\n\n\n<div class=\"wp-block-button is-style-outline is-style-outline--3\"><a class=\"wp-block-button__link wp-element-button\" href=\"https:\/\/cofidef.fr\/index.php\/cofergie-sierra-leone\/\">Lire la suite<\/a><\/div>\n<\/div><\/div>\n\n\n\n<div class=\"wp-block-group\"><div class=\"wp-block-group__inner-container is-layout-flow wp-block-group-is-layout-flow\">\n<figure class=\"wp-block-image alignfull size-full\"><img loading=\"lazy\" decoding=\"async\" width=\"2560\" height=\"1440\" src=\"http:\/\/cofidef.fr\/wp-content\/uploads\/2025\/04\/IMG_3259-scaled.jpeg\" alt=\"\" class=\"wp-image-148\" srcset=\"https:\/\/cofidef.fr\/wp-content\/uploads\/2025\/04\/IMG_3259-scaled.jpeg 2560w, https:\/\/cofidef.fr\/wp-content\/uploads\/2025\/04\/IMG_3259-300x169.jpeg 300w, https:\/\/cofidef.fr\/wp-content\/uploads\/2025\/04\/IMG_3259-1024x576.jpeg 1024w, https:\/\/cofidef.fr\/wp-content\/uploads\/2025\/04\/IMG_3259-768x432.jpeg 768w, https:\/\/cofidef.fr\/wp-content\/uploads\/2025\/04\/IMG_3259-1536x864.jpeg 1536w, https:\/\/cofidef.fr\/wp-content\/uploads\/2025\/04\/IMG_3259-2048x1152.jpeg 2048w, https:\/\/cofidef.fr\/wp-content\/uploads\/2025\/04\/IMG_3259-1200x675.jpeg 1200w, https:\/\/cofidef.fr\/wp-content\/uploads\/2025\/04\/IMG_3259-1980x1114.jpeg 1980w\" sizes=\"auto, (max-width: 2560px) 100vw, 2560px\" \/><figcaption class=\"wp-element-caption\">Niger<\/figcaption><\/figure>\n\n\n\n<h3 class=\"wp-block-heading\">Niger \u2022 100 MWc<\/h3>\n\n\n\n<p>D\u00e9couvrez notre projet d\u00e9j\u00e0 pr\u00e9-contractualis\u00e9<\/p>\n\n\n\n<div class=\"wp-block-button is-style-outline is-style-outline--4\"><a class=\"wp-block-button__link wp-element-button\" href=\"https:\/\/cofidef.fr\/index.php\/cofergie-niger\/\">Lire la suite<\/a><\/div>\n<\/div><\/div>\n<\/div>\n<\/div>\n\n\n\n<figure class=\"wp-block-image alignfull size-full\"><img loading=\"lazy\" decoding=\"async\" width=\"1170\" height=\"571\" src=\"http:\/\/cofidef.fr\/wp-content\/uploads\/2025\/04\/IMG_3230.jpeg\" alt=\"\" class=\"wp-image-62\" srcset=\"https:\/\/cofidef.fr\/wp-content\/uploads\/2025\/04\/IMG_3230.jpeg 1170w, https:\/\/cofidef.fr\/wp-content\/uploads\/2025\/04\/IMG_3230-300x146.jpeg 300w, https:\/\/cofidef.fr\/wp-content\/uploads\/2025\/04\/IMG_3230-1024x500.jpeg 1024w, https:\/\/cofidef.fr\/wp-content\/uploads\/2025\/04\/IMG_3230-768x375.jpeg 768w\" sizes=\"auto, (max-width: 1170px) 100vw, 1170px\" \/><\/figure>\n\n\n\n<div class=\"wp-block-group alignwide\"><div class=\"wp-block-group__inner-container is-layout-flow wp-block-group-is-layout-flow\">\n<h2 class=\"wp-block-heading has-text-align-center has-accent-color has-text-color\">\u00ab Diffuser les savoirs utiles en mati\u00e8re de Management des \u00c9nergies Renouvelables \u00bb<\/h2>\n<\/div><\/div>\n\n\n\n<p class=\"has-drop-cap\">L\u2019Institut Cofergie propose \u00e0 la nouvelle g\u00e9n\u00e9ration de cadres du Continent l\u2019opportunit\u00e9 de suivre un parcours d\u2019enseignement d\u2019excellence dans un contexte international sur le th\u00e8me de la D\u00e9carbonation de nos \u00e9conomies et du Management de la Transition \u00c9nerg\u00e9tique <\/p>\n\n\n\n<p><\/p>\n\n\n\n<div class=\"wp-block-group alignwide has-background\" style=\"background-color:#ffffff\"><div class=\"wp-block-group__inner-container is-layout-flow wp-block-group-is-layout-flow\">\n<div class=\"wp-block-group\"><div class=\"wp-block-group__inner-container is-layout-flow wp-block-group-is-layout-flow\">\n<h2 class=\"wp-block-heading has-text-align-center\">Institut Cofergie : Devenez auditeur d\u2019un programme de formation adapt\u00e9 aux r\u00e9alit\u00e9s du Continent<\/h2>\n\n\n\n<p class=\"has-text-align-center\">Vous souhaiter \u00eatre auditeur ? <\/p>\n\n\n\n<div class=\"wp-block-button aligncenter\"><a class=\"wp-block-button__link wp-element-button\" href=\"https:\/\/cofidef.fr\/index.php\/linstitut-cofergie\/\">REJOINDRE L\u2019INSTITUT<\/a><\/div>\n<\/div><\/div>\n<\/div><\/div>\n\n\n\n<figure class=\"wp-block-gallery alignwide has-nested-images columns-default is-cropped wp-block-gallery-5 is-layout-flex wp-block-gallery-is-layout-flex\">\n<figure class=\"wp-block-image size-large\"><img loading=\"lazy\" decoding=\"async\" width=\"1024\" height=\"571\" data-id=\"63\" src=\"http:\/\/cofidef.fr\/wp-content\/uploads\/2025\/04\/IMG_3229-1024x571.jpeg\" alt=\"\" class=\"wp-image-63\" srcset=\"https:\/\/cofidef.fr\/wp-content\/uploads\/2025\/04\/IMG_3229-1024x571.jpeg 1024w, https:\/\/cofidef.fr\/wp-content\/uploads\/2025\/04\/IMG_3229-300x167.jpeg 300w, https:\/\/cofidef.fr\/wp-content\/uploads\/2025\/04\/IMG_3229-768x428.jpeg 768w, https:\/\/cofidef.fr\/wp-content\/uploads\/2025\/04\/IMG_3229.jpeg 1170w\" sizes=\"auto, (max-width: 1024px) 100vw, 1024px\" \/><\/figure>\n\n\n\n<figure class=\"wp-block-image size-large\"><img loading=\"lazy\" decoding=\"async\" width=\"1024\" height=\"492\" data-id=\"65\" src=\"http:\/\/cofidef.fr\/wp-content\/uploads\/2025\/04\/IMG_3227-1024x492.jpeg\" alt=\"\" class=\"wp-image-65\" srcset=\"https:\/\/cofidef.fr\/wp-content\/uploads\/2025\/04\/IMG_3227-1024x492.jpeg 1024w, https:\/\/cofidef.fr\/wp-content\/uploads\/2025\/04\/IMG_3227-300x144.jpeg 300w, https:\/\/cofidef.fr\/wp-content\/uploads\/2025\/04\/IMG_3227-768x369.jpeg 768w, https:\/\/cofidef.fr\/wp-content\/uploads\/2025\/04\/IMG_3227.jpeg 1170w\" sizes=\"auto, (max-width: 1024px) 100vw, 1024px\" \/><\/figure>\n<\/figure>\n","protected":false},"excerpt":{"rendered":"<p>Promoteur Solaire en Afrique Un M\u00e9tier Passionnant, Une Passion Raisonn\u00e9e Guin\u00e9e Conakry &#8211; 100MWc D\u00e9couvrez notre projet d\u00e9j\u00e0 pr\u00e9-contractualis\u00e9 Lib\u00e9ria &#8211; 100 MWc D\u00e9couvrez notre projet d\u00e9j\u00e0 pr\u00e9-contractualis\u00e9. Sierra Leone \u2022 50 MWc D\u00e9couvrez notre projet d\u00e9j\u00e0 pr\u00e9-contractualis\u00e9 Niger \u2022 100 MWc D\u00e9couvrez notre projet d\u00e9j\u00e0 pr\u00e9-contractualis\u00e9 \u00ab Diffuser les savoirs utiles en mati\u00e8re de [&hellip;]<\/p>\n","protected":false},"author":1,"featured_media":107,"parent":0,"menu_order":0,"comment_status":"closed","ping_status":"closed","template":"","meta":{"footnotes":""},"class_list":["post-6","page","type-page","status-publish","has-post-thumbnail","hentry"],"_links":{"self":[{"href":"https:\/\/cofidef.fr\/index.php\/wp-json\/wp\/v2\/pages\/6","targetHints":{"allow":["GET"]}}],"collection":[{"href":"https:\/\/cofidef.fr\/index.php\/wp-json\/wp\/v2\/pages"}],"about":[{"href":"https:\/\/cofidef.fr\/index.php\/wp-json\/wp\/v2\/types\/page"}],"author":[{"embeddable":true,"href":"https:\/\/cofidef.fr\/index.php\/wp-json\/wp\/v2\/users\/1"}],"replies":[{"embeddable":true,"href":"https:\/\/cofidef.fr\/index.php\/wp-json\/wp\/v2\/comments?post=6"}],"version-history":[{"count":47,"href":"https:\/\/cofidef.fr\/index.php\/wp-json\/wp\/v2\/pages\/6\/revisions"}],"predecessor-version":[{"id":227,"href":"https:\/\/cofidef.fr\/index.php\/wp-json\/wp\/v2\/pages\/6\/revisions\/227"}],"wp:featuredmedia":[{"embeddable":true,"href":"https:\/\/cofidef.fr\/index.php\/wp-json\/wp\/v2\/media\/107"}],"wp:attachment":[{"href":"https:\/\/cofidef.fr\/index.php\/wp-json\/wp\/v2\/media?parent=6"}],"curies":[{"name":"wp","href":"https:\/\/api.w.org\/{rel}","templated":true}]}}