{"id":57,"date":"2025-04-09T15:24:00","date_gmt":"2025-04-09T13:24:00","guid":{"rendered":"https:\/\/cofidef.fr\/?page_id=57"},"modified":"2025-04-21T20:56:57","modified_gmt":"2025-04-21T18:56:57","slug":"cofergie-vienne","status":"publish","type":"page","link":"https:\/\/cofidef.fr\/index.php\/cofergie-vienne\/","title":{"rendered":"Cofergie Niger"},"content":{"rendered":"\n<p>COFERGIE Niger est activement engag\u00e9e dans le d\u00e9veloppement d&rsquo;un projet de parc solaire situ\u00e9 \u00e0 la p\u00e9riph\u00e9rie de Niamey en co-entreprise (JV) avec notre partenaire local. <\/p>\n\n\n\n<p>Ce projet strat\u00e9gique vise \u00e0 renforcer l&rsquo;approvisionnement en \u00e9lectricit\u00e9 de la capitale nig\u00e9rienne et \u00e0 diversifier le mix \u00e9nerg\u00e9tique du pays gr\u00e2ce \u00e0 une source d&rsquo;\u00e9nergie propre et renouvelable.<\/p>\n\n\n\n<p>Nous travaillons en \u00e9troite collaboration avec les partenaires locaux pour mener \u00e0 bien ce projet essentiel pour l&rsquo;avenir \u00e9nerg\u00e9tique du Niger.<\/p>\n","protected":false},"excerpt":{"rendered":"<p>COFERGIE Niger est activement engag\u00e9e dans le d\u00e9veloppement d&rsquo;un projet de parc solaire situ\u00e9 \u00e0 la p\u00e9riph\u00e9rie de Niamey en co-entreprise (JV) avec notre partenaire local. Ce projet strat\u00e9gique vise \u00e0 renforcer l&rsquo;approvisionnement en \u00e9lectricit\u00e9 de la capitale nig\u00e9rienne et \u00e0 diversifier le mix \u00e9nerg\u00e9tique du pays gr\u00e2ce \u00e0 une source d&rsquo;\u00e9nergie propre et renouvelable. [&hellip;]<\/p>\n","protected":false},"author":1,"featured_media":148,"parent":0,"menu_order":0,"comment_status":"closed","ping_status":"closed","template":"","meta":{"footnotes":""},"class_list":["post-57","page","type-page","status-publish","has-post-thumbnail","hentry"],"_links":{"self":[{"href":"https:\/\/cofidef.fr\/index.php\/wp-json\/wp\/v2\/pages\/57","targetHints":{"allow":["GET"]}}],"collection":[{"href":"https:\/\/cofidef.fr\/index.php\/wp-json\/wp\/v2\/pages"}],"about":[{"href":"https:\/\/cofidef.fr\/index.php\/wp-json\/wp\/v2\/types\/page"}],"author":[{"embeddable":true,"href":"https:\/\/cofidef.fr\/index.php\/wp-json\/wp\/v2\/users\/1"}],"replies":[{"embeddable":true,"href":"https:\/\/cofidef.fr\/index.php\/wp-json\/wp\/v2\/comments?post=57"}],"version-history":[{"count":2,"href":"https:\/\/cofidef.fr\/index.php\/wp-json\/wp\/v2\/pages\/57\/revisions"}],"predecessor-version":[{"id":140,"href":"https:\/\/cofidef.fr\/index.php\/wp-json\/wp\/v2\/pages\/57\/revisions\/140"}],"wp:featuredmedia":[{"embeddable":true,"href":"https:\/\/cofidef.fr\/index.php\/wp-json\/wp\/v2\/media\/148"}],"wp:attachment":[{"href":"https:\/\/cofidef.fr\/index.php\/wp-json\/wp\/v2\/media?parent=57"}],"curies":[{"name":"wp","href":"https:\/\/api.w.org\/{rel}","templated":true}]}}