{"id":54,"date":"2025-04-09T15:23:12","date_gmt":"2025-04-09T13:23:12","guid":{"rendered":"https:\/\/cofidef.fr\/?page_id=54"},"modified":"2026-02-23T11:09:49","modified_gmt":"2026-02-23T10:09:49","slug":"cofergie-niger","status":"publish","type":"page","link":"https:\/\/cofidef.fr\/index.php\/page-d-exemple\/cofergie-niger\/","title":{"rendered":"Cofergie Niger"},"content":{"rendered":"\n<p>COFERGIE Niger est activement engag\u00e9e dans le <strong>d\u00e9veloppement d&rsquo;un projet de parc solaire 100MWc en co entreprise (JV) avec son partenaire local et situ\u00e9 \u00e0 la p\u00e9riph\u00e9rie de Niamey.<\/strong> Ce projet strat\u00e9gique vise \u00e0 renforcer l&rsquo;approvisionnement en \u00e9lectricit\u00e9 de la capitale nig\u00e9rienne et \u00e0 diversifier le mix \u00e9nerg\u00e9tique du pays gr\u00e2ce \u00e0 une source d&rsquo;\u00e9nergie propre et renouvelable.<\/p>\n\n\n\n<p>Nous travaillons en \u00e9troite collaboration avec les partenaires locaux pour mener \u00e0 bien ce projet essentiel pour l&rsquo;avenir \u00e9nerg\u00e9tique du Niger.<\/p>\n","protected":false},"excerpt":{"rendered":"<p>COFERGIE Niger est activement engag\u00e9e dans le d\u00e9veloppement d&rsquo;un projet de parc solaire 100MWc en co entreprise (JV) avec son partenaire local et situ\u00e9 \u00e0 la p\u00e9riph\u00e9rie de Niamey. Ce projet strat\u00e9gique vise \u00e0 renforcer l&rsquo;approvisionnement en \u00e9lectricit\u00e9 de la capitale nig\u00e9rienne et \u00e0 diversifier le mix \u00e9nerg\u00e9tique du pays gr\u00e2ce \u00e0 une source d&rsquo;\u00e9nergie [&hellip;]<\/p>\n","protected":false},"author":1,"featured_media":150,"parent":2,"menu_order":0,"comment_status":"closed","ping_status":"closed","template":"","meta":{"footnotes":""},"class_list":["post-54","page","type-page","status-publish","has-post-thumbnail","hentry"],"_links":{"self":[{"href":"https:\/\/cofidef.fr\/index.php\/wp-json\/wp\/v2\/pages\/54","targetHints":{"allow":["GET"]}}],"collection":[{"href":"https:\/\/cofidef.fr\/index.php\/wp-json\/wp\/v2\/pages"}],"about":[{"href":"https:\/\/cofidef.fr\/index.php\/wp-json\/wp\/v2\/types\/page"}],"author":[{"embeddable":true,"href":"https:\/\/cofidef.fr\/index.php\/wp-json\/wp\/v2\/users\/1"}],"replies":[{"embeddable":true,"href":"https:\/\/cofidef.fr\/index.php\/wp-json\/wp\/v2\/comments?post=54"}],"version-history":[{"count":3,"href":"https:\/\/cofidef.fr\/index.php\/wp-json\/wp\/v2\/pages\/54\/revisions"}],"predecessor-version":[{"id":151,"href":"https:\/\/cofidef.fr\/index.php\/wp-json\/wp\/v2\/pages\/54\/revisions\/151"}],"up":[{"embeddable":true,"href":"https:\/\/cofidef.fr\/index.php\/wp-json\/wp\/v2\/pages\/2"}],"wp:featuredmedia":[{"embeddable":true,"href":"https:\/\/cofidef.fr\/index.php\/wp-json\/wp\/v2\/media\/150"}],"wp:attachment":[{"href":"https:\/\/cofidef.fr\/index.php\/wp-json\/wp\/v2\/media?parent=54"}],"curies":[{"name":"wp","href":"https:\/\/api.w.org\/{rel}","templated":true}]}}