{"id":51,"date":"2025-04-09T15:22:27","date_gmt":"2025-04-09T13:22:27","guid":{"rendered":"https:\/\/cofidef.fr\/?page_id=51"},"modified":"2025-04-23T19:07:25","modified_gmt":"2025-04-23T17:07:25","slug":"cofergie-chypre","status":"publish","type":"page","link":"https:\/\/cofidef.fr\/index.php\/cofergie-chypre\/","title":{"rendered":"Cofergie Chypre"},"content":{"rendered":"\n<p>Fruit d&rsquo;une alliance avec des d\u00e9veloppeurs-investisseurs locaux (Joint-Venture), COFERGIE Chypre voit le jour en 2025. Un accord ambitieux est sign\u00e9 avec l&rsquo;\u00c9tat Chypriote (soutenu par l&rsquo;Union Europ\u00e9enne) pour le d\u00e9veloppement de 185 MW de capacit\u00e9 solaire, r\u00e9partis de mani\u00e8re strat\u00e9gique sur cinq sites s\u00e9curis\u00e9s.<\/p>\n\n\n\n<p>Forte de son exp\u00e9rience africaine, COFIDEF apporte son expertise pour permettre \u00e0 cette Joint-Venture de concr\u00e9tiser cet objectif majeur au sein de l&rsquo;UE. Les partenaires chypriotes ont souhait\u00e9 s&rsquo;appuyer sur ce savoir-faire \u00e9prouv\u00e9 pour \u00e9riger un projet exemplaire, potentiellement reproductible dans des r\u00e9gions hors UE avec lesquelles Chypre entretient des liens privil\u00e9gi\u00e9s.<\/p>\n\n\n\n<p>L&rsquo;Institut Cofergie est pleinement int\u00e9gr\u00e9 \u00e0 cet accord, soulignant notre engagement envers le partage de comp\u00e9tences et le d\u00e9veloppement d&rsquo;un \u00e9cosyst\u00e8me solaire durable.<\/p>\n\n\n\n<p>Cette initiative t\u00e9moigne de notre expertise et de notre capacit\u00e9 \u00e0 adapter nos solutions aux contextes \u00e9nerg\u00e9tiques vari\u00e9s. Nous sommes enthousiastes \u00e0 l&rsquo;id\u00e9e de contribuer \u00e0 la transition \u00e9nerg\u00e9tique de Chypre en y apportant notre savoir-faire en mati\u00e8re de d\u00e9veloppement de projets solaires de grande envergure.<\/p>\n","protected":false},"excerpt":{"rendered":"<p>Fruit d&rsquo;une alliance avec des d\u00e9veloppeurs-investisseurs locaux (Joint-Venture), COFERGIE Chypre voit le jour en 2025. Un accord ambitieux est sign\u00e9 avec l&rsquo;\u00c9tat Chypriote (soutenu par l&rsquo;Union Europ\u00e9enne) pour le d\u00e9veloppement de 185 MW de capacit\u00e9 solaire, r\u00e9partis de mani\u00e8re strat\u00e9gique sur cinq sites s\u00e9curis\u00e9s. Forte de son exp\u00e9rience africaine, COFIDEF apporte son expertise pour permettre [&hellip;]<\/p>\n","protected":false},"author":1,"featured_media":90,"parent":0,"menu_order":0,"comment_status":"closed","ping_status":"closed","template":"","meta":{"footnotes":""},"class_list":["post-51","page","type-page","status-publish","has-post-thumbnail","hentry"],"_links":{"self":[{"href":"https:\/\/cofidef.fr\/index.php\/wp-json\/wp\/v2\/pages\/51","targetHints":{"allow":["GET"]}}],"collection":[{"href":"https:\/\/cofidef.fr\/index.php\/wp-json\/wp\/v2\/pages"}],"about":[{"href":"https:\/\/cofidef.fr\/index.php\/wp-json\/wp\/v2\/types\/page"}],"author":[{"embeddable":true,"href":"https:\/\/cofidef.fr\/index.php\/wp-json\/wp\/v2\/users\/1"}],"replies":[{"embeddable":true,"href":"https:\/\/cofidef.fr\/index.php\/wp-json\/wp\/v2\/comments?post=51"}],"version-history":[{"count":5,"href":"https:\/\/cofidef.fr\/index.php\/wp-json\/wp\/v2\/pages\/51\/revisions"}],"predecessor-version":[{"id":221,"href":"https:\/\/cofidef.fr\/index.php\/wp-json\/wp\/v2\/pages\/51\/revisions\/221"}],"wp:featuredmedia":[{"embeddable":true,"href":"https:\/\/cofidef.fr\/index.php\/wp-json\/wp\/v2\/media\/90"}],"wp:attachment":[{"href":"https:\/\/cofidef.fr\/index.php\/wp-json\/wp\/v2\/media?parent=51"}],"curies":[{"name":"wp","href":"https:\/\/api.w.org\/{rel}","templated":true}]}}