{"id":296,"date":"2026-02-23T11:38:18","date_gmt":"2026-02-23T10:38:18","guid":{"rendered":"https:\/\/cofidef.fr\/?page_id=296"},"modified":"2026-02-25T20:43:52","modified_gmt":"2026-02-25T19:43:52","slug":"un-stage-in-situ","status":"publish","type":"page","link":"https:\/\/cofidef.fr\/index.php\/linstitut-cofergie\/un-stage-in-situ\/","title":{"rendered":"Une Exp\u00e9rience de Terrain"},"content":{"rendered":"\n<h5 class=\"wp-block-heading\"><strong>De la Vienne \u00e0 l&rsquo;International : Un Tremplin pour l&rsquo;Action<\/strong><\/h5>\n\n\n\n<p>En participant au d\u00e9veloppement de ces 100 MW dans la Vienne, nos apprenants acqui\u00e8rent<strong> une vision 360\u00b0 : du montage juridique et financier en zone ZAER \u00e0 l&rsquo;exploitation technique sur le terrain.<\/strong><\/p>\n\n\n\n<p>Cette exp\u00e9rience \u00ab\u00a0in situ\u00a0\u00bb garantit que chaque expert form\u00e9 par l&rsquo;Institut COFERGIE est pr\u00eat \u00e0 <strong>devenir un acteur imm\u00e9diat du d\u00e9veloppement solaire, capable de transformer des r\u00e9serves fonci\u00e8res en actifs \u00e9nerg\u00e9tiques r\u00e9silients,<\/strong> que ce soit en Europe ou sur le continent africain.<\/p>\n\n\n\n<h5 class=\"wp-block-heading\">Hubs de D\u00e9tection et Sourcing de Talents<\/h5>\n\n\n\n<p>Les centrales solaires servent de bases avanc\u00e9es pour structurer les futures directions manag\u00e9riales.<\/p>\n\n\n\n<ul class=\"wp-block-list\">\n<li><strong>sourcing de Talents Sp\u00e9cialis\u00e9s<\/strong> : Identification d&rsquo;experts europ\u00e9ens ( ing\u00e9nieurs, chefs de projets) pour accompagner les projets d&rsquo;envergure en Afrique.<\/li>\n\n\n\n<li><strong>Levier de la Diaspora<\/strong> : Ciblage prioritaire des ing\u00e9nieurs et techniciens issus de la diaspora africaine en France, d\u00e9sireux de porter le d\u00e9veloppement de leur pays d&rsquo;origine.<\/li>\n\n\n\n<li><strong>B\u00e9n\u00e9fice <\/strong>: Cr\u00e9ation d&rsquo;un vivier d&rsquo;experts capables d&rsquo;assurer l&rsquo;autonomie des futurs parcs.<\/li>\n<\/ul>\n\n\n\n<h5 class=\"wp-block-heading\"><strong>Nos Sites \u00ab In Situ \u00bb : Laboratoires de l\u2019Excellence Agri-PV<\/strong><\/h5>\n\n\n\n<p>Pour incarner cette ambition, l&rsquo;Institut s&rsquo;appuie sur deux piliers fonciers et technologiques majeurs, situ\u00e9s en <strong>Zones d\u2019Acc\u00e9l\u00e9ration des \u00c9nergies Renouvelables (ZAER)<\/strong> :<\/p>\n\n\n\n<h5 class=\"wp-block-heading\"><strong>Le Hub de Coulonges-les-H\u00e9rolles : \u00c9levage et Synergie Fonci\u00e8re<\/strong><\/h5>\n\n\n\n<p>Coulonges-les-H\u00e9rolles accueille le premier site de \u00ab stage \u00bb de l\u2019Institut. Ce complexe de plus de 200 hectares est une mine d&rsquo;apprentissage pour la gestion de projets complexes :<\/p>\n\n\n\n<ul class=\"wp-block-list\">\n<li><strong>Coulonges 1 (84 ha) :<\/strong> Un mod\u00e8le d&rsquo;agri-pastoralisme avec 10 \u00e0 20 hectares de panneaux solaires abritant un cheptel de <strong>300 moutons<\/strong>. Les stagiaires y \u00e9tudient la cohabitation entre bien-\u00eatre animal et rendement \u00e9nerg\u00e9tique.<\/li>\n\n\n\n<li><strong>Coulonges 2 (130-150 ha) :<\/strong> Une r\u00e9serve fonci\u00e8re limitrophe permettant d&rsquo;analyser les strat\u00e9gies d&rsquo;extension, les \u00e9conomies d&rsquo;\u00e9chelle et les enjeux de raccordement \u00e0 grande \u00e9chelle.<\/li>\n<\/ul>\n\n\n\n<h5 class=\"wp-block-heading\"><strong>Le Site d&rsquo;Arpheuilles 1 : Puissance et Ma\u00eetrise de l&rsquo;Agri-PV<\/strong><\/h5>\n\n\n\n<p>Avec un terrain s\u00e9curis\u00e9 de <strong>72 hectares<\/strong>, le site d&rsquo;Arpheuilles 1 repr\u00e9sente une puissance de <strong>30 \u00e0 40 MWc<\/strong>. C&rsquo;est ici que nos auditeurs se confrontent \u00e0 la gestion d&rsquo;une <strong>Asset Class<\/strong> de haute intensit\u00e9. Le site sert de cas d&rsquo;\u00e9cole pour la conception de structures agrivolta\u00efques optimis\u00e9es, garantissant la p\u00e9rennit\u00e9 des cultures tout en maximisant la production d&rsquo;\u00e9nergie d\u00e9carbon\u00e9e.<\/p>\n\n\n\n<p><\/p>\n","protected":false},"excerpt":{"rendered":"<p>De la Vienne \u00e0 l&rsquo;International : Un Tremplin pour l&rsquo;Action En participant au d\u00e9veloppement de ces 100 MW dans la Vienne, nos apprenants acqui\u00e8rent une vision 360\u00b0 : du montage juridique et financier en zone ZAER \u00e0 l&rsquo;exploitation technique sur le terrain. Cette exp\u00e9rience \u00ab\u00a0in situ\u00a0\u00bb garantit que chaque expert form\u00e9 par l&rsquo;Institut COFERGIE est [&hellip;]<\/p>\n","protected":false},"author":1,"featured_media":314,"parent":108,"menu_order":0,"comment_status":"closed","ping_status":"closed","template":"","meta":{"footnotes":""},"class_list":["post-296","page","type-page","status-publish","has-post-thumbnail","hentry"],"_links":{"self":[{"href":"https:\/\/cofidef.fr\/index.php\/wp-json\/wp\/v2\/pages\/296","targetHints":{"allow":["GET"]}}],"collection":[{"href":"https:\/\/cofidef.fr\/index.php\/wp-json\/wp\/v2\/pages"}],"about":[{"href":"https:\/\/cofidef.fr\/index.php\/wp-json\/wp\/v2\/types\/page"}],"author":[{"embeddable":true,"href":"https:\/\/cofidef.fr\/index.php\/wp-json\/wp\/v2\/users\/1"}],"replies":[{"embeddable":true,"href":"https:\/\/cofidef.fr\/index.php\/wp-json\/wp\/v2\/comments?post=296"}],"version-history":[{"count":8,"href":"https:\/\/cofidef.fr\/index.php\/wp-json\/wp\/v2\/pages\/296\/revisions"}],"predecessor-version":[{"id":321,"href":"https:\/\/cofidef.fr\/index.php\/wp-json\/wp\/v2\/pages\/296\/revisions\/321"}],"up":[{"embeddable":true,"href":"https:\/\/cofidef.fr\/index.php\/wp-json\/wp\/v2\/pages\/108"}],"wp:featuredmedia":[{"embeddable":true,"href":"https:\/\/cofidef.fr\/index.php\/wp-json\/wp\/v2\/media\/314"}],"wp:attachment":[{"href":"https:\/\/cofidef.fr\/index.php\/wp-json\/wp\/v2\/media?parent=296"}],"curies":[{"name":"wp","href":"https:\/\/api.w.org\/{rel}","templated":true}]}}