{"id":279,"date":"2026-02-23T10:57:36","date_gmt":"2026-02-23T09:57:36","guid":{"rendered":"https:\/\/cofidef.fr\/?page_id=279"},"modified":"2026-02-23T11:17:10","modified_gmt":"2026-02-23T10:17:10","slug":"nos-sites-de-stage-in-situ","status":"publish","type":"page","link":"https:\/\/cofidef.fr\/index.php\/linstitut-cofergie\/nos-sites-de-stage-in-situ\/","title":{"rendered":"Cofergie Coulonges"},"content":{"rendered":"\n<p>C\u2019est au c\u0153ur du d\u00e9partement de l&rsquo;Indre que na\u00eet le tout premier site de \u00ab stage \u00bb grandeur nature de l\u2019<strong>Institut COFERGIE<\/strong>. Ce p\u00f4le d&rsquo;excellence servira de <strong>vitrine technologique et de terrain d&rsquo;apprentissage pratique<\/strong> pour les futurs experts de l&rsquo;\u00e9nergie solaire, consolidant notre savoir-faire au plus pr\u00e8s du terrain.<\/p>\n\n\n\n<h5 class=\"wp-block-heading\"><strong>Coulonges 1 : Un Mod\u00e8le d\u2019Agri-PV Pastoral<\/strong><\/h5>\n\n\n\n<p>Sur un ensemble foncier de 84 hectares, le projet <strong>Coulonges 1<\/strong> d\u00e9veloppe une unit\u00e9 agrivolta\u00efque de <strong>10 \u00e0 20 hectares<\/strong>. Ce site est sp\u00e9cifiquement con\u00e7u pour la cohabitation entre production d&rsquo;\u00e9nergie et \u00e9levage ovin, avec un cheptel pr\u00e9vu de <strong>300 moutons<\/strong>. Il incarne la parfaite synergie entre transition \u00e9nerg\u00e9tique et maintien de la biodiversit\u00e9 pastorale.<\/p>\n\n\n\n<h5 class=\"wp-block-heading\"><strong>Coulonges 2 : Une R\u00e9serve Fonci\u00e8re Strat\u00e9gique<\/strong><\/h5>\n\n\n\n<p>Directement limitrophe de la premi\u00e8re phase, <strong>Coulonges 2<\/strong> offre une r\u00e9serve fonci\u00e8re massive de <strong>130 \u00e0 150 hectares<\/strong>. Cette continuit\u00e9 g\u00e9ographique permet d&rsquo;envisager des \u00e9conomies d&rsquo;\u00e9chelle majeures et une extension coh\u00e9rente de la capacit\u00e9 de production sur un territoire d\u00e9j\u00e0 ma\u00eetris\u00e9.<\/p>\n\n\n\n<h5 class=\"wp-block-heading\"><strong>Un Asset Class de R\u00e9f\u00e9rence en Zone ZAER<\/strong><\/h5>\n\n\n\n<p>Implant\u00e9 au sein d&rsquo;une <strong>Zone d&rsquo;Acc\u00e9l\u00e9ration des \u00c9nergies Renouvelables (ZAER)<\/strong>, cet ensemble b\u00e9n\u00e9ficie d&rsquo;un cadre r\u00e9glementaire favorable et d&rsquo;un fort soutien local. Le potentiel de d\u00e9veloppement en <strong>Agri-PV<\/strong> (Agrivolta\u00efsme) transforme ces terrains en une classe d&rsquo;actifs r\u00e9siliente, capable de r\u00e9pondre aux objectifs de souverainet\u00e9 \u00e9nerg\u00e9tique tout en p\u00e9rennisant l&rsquo;usage agricole des sols.<\/p>\n","protected":false},"excerpt":{"rendered":"<p>C\u2019est au c\u0153ur du d\u00e9partement de l&rsquo;Indre que na\u00eet le tout premier site de \u00ab stage \u00bb grandeur nature de l\u2019Institut COFERGIE. Ce p\u00f4le d&rsquo;excellence servira de vitrine technologique et de terrain d&rsquo;apprentissage pratique pour les futurs experts de l&rsquo;\u00e9nergie solaire, consolidant notre savoir-faire au plus pr\u00e8s du terrain. Coulonges 1 : Un Mod\u00e8le d\u2019Agri-PV [&hellip;]<\/p>\n","protected":false},"author":1,"featured_media":280,"parent":108,"menu_order":0,"comment_status":"closed","ping_status":"closed","template":"","meta":{"footnotes":""},"class_list":["post-279","page","type-page","status-publish","has-post-thumbnail","hentry"],"_links":{"self":[{"href":"https:\/\/cofidef.fr\/index.php\/wp-json\/wp\/v2\/pages\/279","targetHints":{"allow":["GET"]}}],"collection":[{"href":"https:\/\/cofidef.fr\/index.php\/wp-json\/wp\/v2\/pages"}],"about":[{"href":"https:\/\/cofidef.fr\/index.php\/wp-json\/wp\/v2\/types\/page"}],"author":[{"embeddable":true,"href":"https:\/\/cofidef.fr\/index.php\/wp-json\/wp\/v2\/users\/1"}],"replies":[{"embeddable":true,"href":"https:\/\/cofidef.fr\/index.php\/wp-json\/wp\/v2\/comments?post=279"}],"version-history":[{"count":4,"href":"https:\/\/cofidef.fr\/index.php\/wp-json\/wp\/v2\/pages\/279\/revisions"}],"predecessor-version":[{"id":290,"href":"https:\/\/cofidef.fr\/index.php\/wp-json\/wp\/v2\/pages\/279\/revisions\/290"}],"up":[{"embeddable":true,"href":"https:\/\/cofidef.fr\/index.php\/wp-json\/wp\/v2\/pages\/108"}],"wp:featuredmedia":[{"embeddable":true,"href":"https:\/\/cofidef.fr\/index.php\/wp-json\/wp\/v2\/media\/280"}],"wp:attachment":[{"href":"https:\/\/cofidef.fr\/index.php\/wp-json\/wp\/v2\/media?parent=279"}],"curies":[{"name":"wp","href":"https:\/\/api.w.org\/{rel}","templated":true}]}}