{"id":276,"date":"2026-02-23T10:52:52","date_gmt":"2026-02-23T09:52:52","guid":{"rendered":"https:\/\/cofidef.fr\/?page_id=276"},"modified":"2026-02-25T20:51:15","modified_gmt":"2026-02-25T19:51:15","slug":"un-master-executif-dexcellence","status":"publish","type":"page","link":"https:\/\/cofidef.fr\/index.php\/linstitut-cofergie\/un-master-executif-dexcellence\/","title":{"rendered":"Un Master Ex\u00e9cutif d\u2019Excellence"},"content":{"rendered":"\n<p>En partenariat avec des institutions acad\u00e9miques fran\u00e7aises sp\u00e9cialis\u00e9es, l\u2019Institut COFERGIE propose&nbsp;<a href=\"https:\/\/cofidef.fr\/index.php\/linstitut-cofergie\/un-master-executif-dexcellence\/\">un Master Ex\u00e9cutif&nbsp;<\/a>rigoureux et adapt\u00e9 aux d\u00e9fis sp\u00e9cifiques de la transition \u00e9nerg\u00e9tique en Afrique. Ce programme unique s\u2019adresse exclusivement aux hauts dirigeants des \u00c9tats concern\u00e9s, avec un maximum de 20 b\u00e9n\u00e9ficiaires par pays et par an.<\/p>\n\n\n\n<h5 class=\"wp-block-heading\"><strong>Un Contenu Ax\u00e9 sur l\u2019Acc\u00e9l\u00e9ration des Projets Africains<\/strong><\/h5>\n\n\n\n<p>Le curriculum du Master Ex\u00e9cutif s\u2019articule autour de trois piliers essentiels :<\/p>\n\n\n\n<ul class=\"wp-block-list\">\n<li><strong>Strat\u00e9gie :<\/strong>&nbsp;D\u00e9velopper les comp\u00e9tences pour \u00e9laborer des plans de transition \u00e9nerg\u00e9tique efficaces et favoriser une croissance \u00e9conomique durable.<\/li>\n\n\n\n<li><strong>\u00c9conomie \u00c9nerg\u00e9tique :<\/strong>&nbsp;Ma\u00eetriser les fondamentaux \u00e9conomiques, r\u00e9glementaires, financiers et environnementaux indispensables \u00e0 la r\u00e9ussite de grands projets solaires sur le continent.<\/li>\n\n\n\n<li><strong>Technique :<\/strong>&nbsp;Acqu\u00e9rir l\u2019expertise technique n\u00e9cessaire \u00e0 la gestion et \u00e0 la r\u00e9alisation de projets de production d\u2019\u00e9lectricit\u00e9 de grande envergure.<\/li>\n<\/ul>\n\n\n\n<h5 class=\"wp-block-heading\"><strong>Un Programme Innovant et Concret<\/strong><\/h5>\n\n\n\n<p>Le Master en Management Op\u00e9rationnel de la Transition \u00c9nerg\u00e9tique, pilot\u00e9 par COFERGIE Institut, se d\u00e9roule sur deux ann\u00e9es :<\/p>\n\n\n\n<p>Un parcours&nbsp;<strong>pour les acteurs du secteur priv\u00e9<\/strong>, incluant les promoteurs, d\u00e9veloppeurs, constructeurs et assistants \u00e0 ma\u00eetrise d\u2019ouvrage (A-MOA).<\/p>\n\n\n\n<ul class=\"wp-block-list\">\n<li><strong>Premi\u00e8re ann\u00e9e :<\/strong>\u00a0Un tronc commun de deux semestres fournira une base solide dans les fondamentaux de la production d\u2019\u00e9nergie et du d\u00e9veloppement durable.<\/li>\n<\/ul>\n\n\n\n<ul class=\"wp-block-list\">\n<li><strong>Deuxi\u00e8me ann\u00e9e :<\/strong>\u00a0Deux parcours distincts seront propos\u00e9s pour r\u00e9pondre aux aspirations professionnelles vari\u00e9es :<\/li>\n<\/ul>\n\n\n\n<ul class=\"wp-block-list\">\n<li>Un parcours <strong>pour les acteurs du secteur priv\u00e9<\/strong>, incluant les promoteurs, d\u00e9veloppeurs, constructeurs et assistants \u00e0 ma\u00eetrise d&rsquo;ouvrage (A-MOA).<\/li>\n\n\n\n<li>Un parcours&nbsp;<strong>destin\u00e9 aux professionnels des administrations publiques,&nbsp;<\/strong>minist\u00e8res, r\u00e9gulateurs et agences nationales et internationales.<\/li>\n<\/ul>\n","protected":false},"excerpt":{"rendered":"<p>En partenariat avec des institutions acad\u00e9miques fran\u00e7aises sp\u00e9cialis\u00e9es, l\u2019Institut COFERGIE propose&nbsp;un Master Ex\u00e9cutif&nbsp;rigoureux et adapt\u00e9 aux d\u00e9fis sp\u00e9cifiques de la transition \u00e9nerg\u00e9tique en Afrique. Ce programme unique s\u2019adresse exclusivement aux hauts dirigeants des \u00c9tats concern\u00e9s, avec un maximum de 20 b\u00e9n\u00e9ficiaires par pays et par an. Un Contenu Ax\u00e9 sur l\u2019Acc\u00e9l\u00e9ration des Projets Africains Le [&hellip;]<\/p>\n","protected":false},"author":1,"featured_media":67,"parent":108,"menu_order":0,"comment_status":"closed","ping_status":"closed","template":"","meta":{"footnotes":""},"class_list":["post-276","page","type-page","status-publish","has-post-thumbnail","hentry"],"_links":{"self":[{"href":"https:\/\/cofidef.fr\/index.php\/wp-json\/wp\/v2\/pages\/276","targetHints":{"allow":["GET"]}}],"collection":[{"href":"https:\/\/cofidef.fr\/index.php\/wp-json\/wp\/v2\/pages"}],"about":[{"href":"https:\/\/cofidef.fr\/index.php\/wp-json\/wp\/v2\/types\/page"}],"author":[{"embeddable":true,"href":"https:\/\/cofidef.fr\/index.php\/wp-json\/wp\/v2\/users\/1"}],"replies":[{"embeddable":true,"href":"https:\/\/cofidef.fr\/index.php\/wp-json\/wp\/v2\/comments?post=276"}],"version-history":[{"count":5,"href":"https:\/\/cofidef.fr\/index.php\/wp-json\/wp\/v2\/pages\/276\/revisions"}],"predecessor-version":[{"id":326,"href":"https:\/\/cofidef.fr\/index.php\/wp-json\/wp\/v2\/pages\/276\/revisions\/326"}],"up":[{"embeddable":true,"href":"https:\/\/cofidef.fr\/index.php\/wp-json\/wp\/v2\/pages\/108"}],"wp:featuredmedia":[{"embeddable":true,"href":"https:\/\/cofidef.fr\/index.php\/wp-json\/wp\/v2\/media\/67"}],"wp:attachment":[{"href":"https:\/\/cofidef.fr\/index.php\/wp-json\/wp\/v2\/media?parent=276"}],"curies":[{"name":"wp","href":"https:\/\/api.w.org\/{rel}","templated":true}]}}