{"id":271,"date":"2026-02-23T10:49:59","date_gmt":"2026-02-23T09:49:59","guid":{"rendered":"https:\/\/cofidef.fr\/?page_id=271"},"modified":"2026-02-23T21:55:21","modified_gmt":"2026-02-23T20:55:21","slug":"cofergie-arpheuilles","status":"publish","type":"page","link":"https:\/\/cofidef.fr\/index.php\/linstitut-cofergie\/cofergie-arpheuilles\/","title":{"rendered":"Cofergie Arpheuilles"},"content":{"rendered":"\n<p>C\u2019est au c\u0153ur de ce d\u00e9partement que s&rsquo;implantera l\u2019un des sites majeurs de \u00ab stage \u00bb in situ de l\u2019<strong>Institut COFERGIE<\/strong>. Ce centre de formation op\u00e9rationnel permettra d&rsquo;allier th\u00e9orie et pratique sur une infrastructure de pointe, faisant d&rsquo;Arpheuilles une r\u00e9f\u00e9rence nationale pour les m\u00e9tiers de l&rsquo;\u00e9nergie solaire.<\/p>\n\n\n\n<h5 class=\"wp-block-heading\"><strong>Arpheuilles 1 : Une Puissance Agri-PV d&rsquo;Envergure<\/strong><\/h5>\n\n\n\n<p>Le projet <strong>Arpheuilles 1<\/strong> franchit une \u00e9tape d\u00e9cisive avec la s\u00e9curisation d&rsquo;un terrain de <strong>72 hectares<\/strong>. Sur cette emprise fonci\u00e8re ma\u00eetris\u00e9e, nous d\u00e9veloppons une capacit\u00e9 de production impressionnante situ\u00e9e entre <strong>30 et 40 MWc<\/strong>.<\/p>\n\n\n\n<p>Ce site est con\u00e7u selon les standards les plus exigeants de l&rsquo;<strong>Agri-PV<\/strong> (Agrivolta\u00efsme), garantissant une synergie optimale entre la production d&rsquo;\u00e9lectricit\u00e9 d\u00e9carbon\u00e9e et le maintien d&rsquo;une exploitation agricole p\u00e9renne et performante.<\/p>\n\n\n\n<h5 class=\"wp-block-heading\"><strong>Un Asset agri-PV au C\u0153ur de la Transition<\/strong><\/h5>\n\n\n\n<p>Implant\u00e9 strat\u00e9giquement en <strong>Zone d&rsquo;Acc\u00e9l\u00e9ration des \u00c9nergies Renouvelables (ZAER)<\/strong>, Arpheuilles 1 b\u00e9n\u00e9ficie d&rsquo;un environnement administratif et territorial favorable. Pour les investisseurs, ce site repr\u00e9sente une actif agrovoltaique \u00e0 fort potentiel, combinant : <\/p>\n\n\n\n<ul class=\"wp-block-list\">\n<li>Un engagement fort envers la souverainet\u00e9 \u00e9nerg\u00e9tique et alimentaire,<\/li>\n\n\n\n<li>Une emprise fonci\u00e8re s\u00e9curis\u00e9e \u00e0 100 %<\/li>\n\n\n\n<li>Un raccordement optimis\u00e9 par la densit\u00e9 \u00e9nerg\u00e9tique du projet.<\/li>\n<\/ul>\n","protected":false},"excerpt":{"rendered":"<p>C\u2019est au c\u0153ur de ce d\u00e9partement que s&rsquo;implantera l\u2019un des sites majeurs de \u00ab stage \u00bb in situ de l\u2019Institut COFERGIE. Ce centre de formation op\u00e9rationnel permettra d&rsquo;allier th\u00e9orie et pratique sur une infrastructure de pointe, faisant d&rsquo;Arpheuilles une r\u00e9f\u00e9rence nationale pour les m\u00e9tiers de l&rsquo;\u00e9nergie solaire. Arpheuilles 1 : Une Puissance Agri-PV d&rsquo;Envergure Le [&hellip;]<\/p>\n","protected":false},"author":1,"featured_media":315,"parent":108,"menu_order":0,"comment_status":"closed","ping_status":"closed","template":"","meta":{"footnotes":""},"class_list":["post-271","page","type-page","status-publish","has-post-thumbnail","hentry"],"_links":{"self":[{"href":"https:\/\/cofidef.fr\/index.php\/wp-json\/wp\/v2\/pages\/271","targetHints":{"allow":["GET"]}}],"collection":[{"href":"https:\/\/cofidef.fr\/index.php\/wp-json\/wp\/v2\/pages"}],"about":[{"href":"https:\/\/cofidef.fr\/index.php\/wp-json\/wp\/v2\/types\/page"}],"author":[{"embeddable":true,"href":"https:\/\/cofidef.fr\/index.php\/wp-json\/wp\/v2\/users\/1"}],"replies":[{"embeddable":true,"href":"https:\/\/cofidef.fr\/index.php\/wp-json\/wp\/v2\/comments?post=271"}],"version-history":[{"count":2,"href":"https:\/\/cofidef.fr\/index.php\/wp-json\/wp\/v2\/pages\/271\/revisions"}],"predecessor-version":[{"id":292,"href":"https:\/\/cofidef.fr\/index.php\/wp-json\/wp\/v2\/pages\/271\/revisions\/292"}],"up":[{"embeddable":true,"href":"https:\/\/cofidef.fr\/index.php\/wp-json\/wp\/v2\/pages\/108"}],"wp:featuredmedia":[{"embeddable":true,"href":"https:\/\/cofidef.fr\/index.php\/wp-json\/wp\/v2\/media\/315"}],"wp:attachment":[{"href":"https:\/\/cofidef.fr\/index.php\/wp-json\/wp\/v2\/media?parent=271"}],"curies":[{"name":"wp","href":"https:\/\/api.w.org\/{rel}","templated":true}]}}