{"id":205,"date":"2025-04-21T21:02:12","date_gmt":"2025-04-21T19:02:12","guid":{"rendered":"https:\/\/cofidef.fr\/?page_id=205"},"modified":"2026-02-23T10:46:00","modified_gmt":"2026-02-23T09:46:00","slug":"cofergie-guinee-bissau","status":"publish","type":"page","link":"https:\/\/cofidef.fr\/index.php\/cofergie-guinee-bissau\/","title":{"rendered":"Cofergie Guin\u00e9e Bissau"},"content":{"rendered":"\n<p>Acteur majeur de l\u2019\u00e9nergie propre, COFERGIE d\u00e9ploie en Guin\u00e9e-Bissau un projet ambitieux de parc solaire de <strong>50 MWc<\/strong> en co-entreprise avec son partenaire local. Implant\u00e9e au c\u0153ur de la <strong>r\u00e9gion de la noix de cajou<\/strong>, cette infrastructure strat\u00e9gique ne se limite pas \u00e0 la production d\u2019\u00e9lectricit\u00e9 : elle ouvre la voie \u00e0 des projets de pointe en <strong>agro-volta\u00efsme<\/strong>. <\/p>\n\n\n\n<p>En conciliant innovation technologique et valorisation des terres agricoles, nous nous engageons aux c\u00f4t\u00e9s des autorit\u00e9s et des communaut\u00e9s pour transformer durablement le paysage \u00e9nerg\u00e9tique et agricole du pays.<\/p>\n","protected":false},"excerpt":{"rendered":"<p>Acteur majeur de l\u2019\u00e9nergie propre, COFERGIE d\u00e9ploie en Guin\u00e9e-Bissau un projet ambitieux de parc solaire de 50 MWc en co-entreprise avec son partenaire local. Implant\u00e9e au c\u0153ur de la r\u00e9gion de la noix de cajou, cette infrastructure strat\u00e9gique ne se limite pas \u00e0 la production d\u2019\u00e9lectricit\u00e9 : elle ouvre la voie \u00e0 des projets de [&hellip;]<\/p>\n","protected":false},"author":1,"featured_media":196,"parent":0,"menu_order":0,"comment_status":"closed","ping_status":"closed","template":"","meta":{"footnotes":""},"class_list":["post-205","page","type-page","status-publish","has-post-thumbnail","hentry"],"_links":{"self":[{"href":"https:\/\/cofidef.fr\/index.php\/wp-json\/wp\/v2\/pages\/205","targetHints":{"allow":["GET"]}}],"collection":[{"href":"https:\/\/cofidef.fr\/index.php\/wp-json\/wp\/v2\/pages"}],"about":[{"href":"https:\/\/cofidef.fr\/index.php\/wp-json\/wp\/v2\/types\/page"}],"author":[{"embeddable":true,"href":"https:\/\/cofidef.fr\/index.php\/wp-json\/wp\/v2\/users\/1"}],"replies":[{"embeddable":true,"href":"https:\/\/cofidef.fr\/index.php\/wp-json\/wp\/v2\/comments?post=205"}],"version-history":[{"count":3,"href":"https:\/\/cofidef.fr\/index.php\/wp-json\/wp\/v2\/pages\/205\/revisions"}],"predecessor-version":[{"id":270,"href":"https:\/\/cofidef.fr\/index.php\/wp-json\/wp\/v2\/pages\/205\/revisions\/270"}],"wp:featuredmedia":[{"embeddable":true,"href":"https:\/\/cofidef.fr\/index.php\/wp-json\/wp\/v2\/media\/196"}],"wp:attachment":[{"href":"https:\/\/cofidef.fr\/index.php\/wp-json\/wp\/v2\/media?parent=205"}],"curies":[{"name":"wp","href":"https:\/\/api.w.org\/{rel}","templated":true}]}}