{"id":2,"date":"2025-04-09T12:17:31","date_gmt":"2025-04-09T10:17:31","guid":{"rendered":"http:\/\/cofidef.fr\/?page_id=2"},"modified":"2025-04-22T13:00:34","modified_gmt":"2025-04-22T11:00:34","slug":"page-d-exemple","status":"publish","type":"page","link":"https:\/\/cofidef.fr\/index.php\/page-d-exemple\/","title":{"rendered":"Nos Joint-Ventures"},"content":{"rendered":"\n<p>COFIDEF est fi\u00e8re de son ancrage et expansion en Afrique. Nos co-entreprises (Joint Ventures) COFERGIE sont au c\u0153ur de notre engagement sur le terrain, d\u00e9veloppant des projets solaires adapt\u00e9s aux besoins sp\u00e9cifiques de chaque r\u00e9gion.<br><\/p>\n\n\n\n<p><\/p>\n","protected":false},"excerpt":{"rendered":"<p>COFIDEF est fi\u00e8re de son ancrage et expansion en Afrique. Nos co-entreprises (Joint Ventures) COFERGIE sont au c\u0153ur de notre engagement sur le terrain, d\u00e9veloppant des projets solaires adapt\u00e9s aux besoins sp\u00e9cifiques de chaque r\u00e9gion.<\/p>\n","protected":false},"author":1,"featured_media":0,"parent":0,"menu_order":0,"comment_status":"closed","ping_status":"open","template":"","meta":{"footnotes":""},"class_list":["post-2","page","type-page","status-publish","hentry"],"_links":{"self":[{"href":"https:\/\/cofidef.fr\/index.php\/wp-json\/wp\/v2\/pages\/2","targetHints":{"allow":["GET"]}}],"collection":[{"href":"https:\/\/cofidef.fr\/index.php\/wp-json\/wp\/v2\/pages"}],"about":[{"href":"https:\/\/cofidef.fr\/index.php\/wp-json\/wp\/v2\/types\/page"}],"author":[{"embeddable":true,"href":"https:\/\/cofidef.fr\/index.php\/wp-json\/wp\/v2\/users\/1"}],"replies":[{"embeddable":true,"href":"https:\/\/cofidef.fr\/index.php\/wp-json\/wp\/v2\/comments?post=2"}],"version-history":[{"count":4,"href":"https:\/\/cofidef.fr\/index.php\/wp-json\/wp\/v2\/pages\/2\/revisions"}],"predecessor-version":[{"id":212,"href":"https:\/\/cofidef.fr\/index.php\/wp-json\/wp\/v2\/pages\/2\/revisions\/212"}],"wp:attachment":[{"href":"https:\/\/cofidef.fr\/index.php\/wp-json\/wp\/v2\/media?parent=2"}],"curies":[{"name":"wp","href":"https:\/\/api.w.org\/{rel}","templated":true}]}}