{"id":164,"date":"2025-04-16T13:00:27","date_gmt":"2025-04-16T11:00:27","guid":{"rendered":"https:\/\/cofidef.fr\/?page_id=164"},"modified":"2025-04-29T11:38:11","modified_gmt":"2025-04-29T09:38:11","slug":"fondement","status":"publish","type":"page","link":"https:\/\/cofidef.fr\/index.php\/fondement\/","title":{"rendered":"Fondement"},"content":{"rendered":"\n<p><strong>Promoteur solaire en Afrique <\/strong>: <em>Un M\u00e9tier Passionnant, Une Passion Raisonn\u00e9e <\/em><\/p>\n\n\n\n<p>L\u2019histoire de Cofidef commence en&nbsp;<strong>2012<\/strong>. Ses fondateurs&nbsp;se sont&nbsp;inscrits&nbsp;dans la dynamique&nbsp;de la&nbsp;cr\u00e9ation de la&nbsp;\u00ab&nbsp;Fondation Energie pour l\u2019Afrique&nbsp;\u00bb&nbsp;lanc\u00e9e par Jean-Louis Borloo<\/p>\n\n\n\n<p><strong>2015&nbsp;<\/strong>;&nbsp;Contribution active \u00e0 la COP 21&nbsp;sur le volet Afrique&nbsp;\/&nbsp;Lab&nbsp;Africa. Ev\u00e9nement mobilisant plus de 5000 des principaux&nbsp;dirigeants&amp;acteurs&nbsp;Africains pour l\u2019Energie, l\u2019Innovation, la Coop\u00e9ration pour un&nbsp;co-d\u00e9veloppement sinc\u00e8re, fier, et fraternel.&nbsp;<\/p>\n\n\n\n<p><strong>2016 \u00e0 2020<\/strong>&nbsp;;&nbsp;D\u00e9multiplication des savoirs utiles avec le r\u00e9seau constitu\u00e9. Constat commun qu\u2019il faut donner un cadre pour porter le d\u00e9veloppement des projets de production solaire dans les pays africains concern\u00e9s, et dont les porteurs locaux sont cr\u00e9dibles, 2021, cr\u00e9ation de Cofidef. &nbsp;<\/p>\n\n\n\n<p><strong>2022-2024<\/strong>\u00a0;\u00a0Avec les principaux acteurs fran\u00e7ais, europ\u00e9ens, et mondiaux (institutions, financiers, d\u00e9veloppeurs, industriels, exploitant, \u2026.), il est partag\u00e9 que la mise en service de parc solaire de 15 \u00e0 100 MW de puissance install\u00e9e demande un \u00e9change permanent sur la dur\u00e9e, et une d\u00e9multiplication des savoirs sur l\u2019\u00e9tat actuel et futur du secteur.\u00a0Cofidef a\u00a0fait \u00e9merg\u00e9, contractualis\u00e9, anim\u00e9, et fait vivre r\u00e9alisation de 300 MW minimum de puissance r\u00e9parti sur 6 pays africains.<\/p>\n\n\n\n<p><strong>2025<\/strong>&nbsp;; Pour s\u00e9curiser les projets en cours,&nbsp;les inscrire dans&nbsp;les principes mondiaux des politiques de transition \u00e9nerg\u00e9tique \u00e0 tenir, permettre qu\u2019ils soient rentables localement et cr\u00e9ateurs d\u2019emplois, il est cr\u00e9\u00e9e <strong><a href=\"https:\/\/cofidef.fr\/index.php\/linstitut-cofergie\/\" data-type=\"page\" data-id=\"108\">l\u2019Institut&nbsp;Cofergie<\/a><\/strong>*. Elle a vocation \u00e0 renforcer les comp\u00e9tences des d\u00e9cideurs locaux et futurs responsables des projets. Son principe est simple, chaque projet\/pays est associ\u00e9 \u00e0 la construction d\u2019un parc solaire en France. Durant 18 \u00e0&nbsp;24 mois, les \u00e9tudiants-auditeurs participent, dans le cadre d\u2019un enseignement exclusif, \u00e0 un projet en France de m\u00eame nature que celui qu\u2019ils ont \u00e0 mener sur leur territoire.&nbsp;<\/p>\n\n\n\n<p><em>*Les 6 jont-ventures cr\u00e9\u00e9es depuis 2021 localement en Afrique portent le nom Cofergie<\/em><\/p>\n\n\n\n<p><strong>2025-2027<\/strong>&nbsp;: L\u2019Institut&nbsp;Cofergie&nbsp;accueille des promotions de 20 \u00e0 25 \u00e9l\u00e8ves-auditeurs.&nbsp;Chaque promotion concerne un projet\/pays.&nbsp;&nbsp; &nbsp;<\/p>\n","protected":false},"excerpt":{"rendered":"<p>Promoteur solaire en Afrique : Un M\u00e9tier Passionnant, Une Passion Raisonn\u00e9e L\u2019histoire de Cofidef commence en&nbsp;2012. Ses fondateurs&nbsp;se sont&nbsp;inscrits&nbsp;dans la dynamique&nbsp;de la&nbsp;cr\u00e9ation de la&nbsp;\u00ab&nbsp;Fondation Energie pour l\u2019Afrique&nbsp;\u00bb&nbsp;lanc\u00e9e par Jean-Louis Borloo 2015&nbsp;;&nbsp;Contribution active \u00e0 la COP 21&nbsp;sur le volet Afrique&nbsp;\/&nbsp;Lab&nbsp;Africa. Ev\u00e9nement mobilisant plus de 5000 des principaux&nbsp;dirigeants&amp;acteurs&nbsp;Africains pour l\u2019Energie, l\u2019Innovation, la Coop\u00e9ration pour un&nbsp;co-d\u00e9veloppement sinc\u00e8re, fier, [&hellip;]<\/p>\n","protected":false},"author":1,"featured_media":150,"parent":0,"menu_order":0,"comment_status":"closed","ping_status":"closed","template":"","meta":{"footnotes":""},"class_list":["post-164","page","type-page","status-publish","has-post-thumbnail","hentry"],"_links":{"self":[{"href":"https:\/\/cofidef.fr\/index.php\/wp-json\/wp\/v2\/pages\/164","targetHints":{"allow":["GET"]}}],"collection":[{"href":"https:\/\/cofidef.fr\/index.php\/wp-json\/wp\/v2\/pages"}],"about":[{"href":"https:\/\/cofidef.fr\/index.php\/wp-json\/wp\/v2\/types\/page"}],"author":[{"embeddable":true,"href":"https:\/\/cofidef.fr\/index.php\/wp-json\/wp\/v2\/users\/1"}],"replies":[{"embeddable":true,"href":"https:\/\/cofidef.fr\/index.php\/wp-json\/wp\/v2\/comments?post=164"}],"version-history":[{"count":6,"href":"https:\/\/cofidef.fr\/index.php\/wp-json\/wp\/v2\/pages\/164\/revisions"}],"predecessor-version":[{"id":234,"href":"https:\/\/cofidef.fr\/index.php\/wp-json\/wp\/v2\/pages\/164\/revisions\/234"}],"wp:featuredmedia":[{"embeddable":true,"href":"https:\/\/cofidef.fr\/index.php\/wp-json\/wp\/v2\/media\/150"}],"wp:attachment":[{"href":"https:\/\/cofidef.fr\/index.php\/wp-json\/wp\/v2\/media?parent=164"}],"curies":[{"name":"wp","href":"https:\/\/api.w.org\/{rel}","templated":true}]}}