{"id":108,"date":"2025-04-10T16:30:47","date_gmt":"2025-04-10T14:30:47","guid":{"rendered":"https:\/\/cofidef.fr\/?page_id=108"},"modified":"2026-02-25T20:49:24","modified_gmt":"2026-02-25T19:49:24","slug":"linstitut-cofergie","status":"publish","type":"page","link":"https:\/\/cofidef.fr\/index.php\/linstitut-cofergie\/","title":{"rendered":"Institut Cofergie"},"content":{"rendered":"\n<p><strong>Institut Cofergie : <\/strong><em>Former les Leaders Africains de la Transition \u00c9nerg\u00e9tique<\/em><\/p>\n\n\n\n<p>COFIDEF est fi\u00e8re d&rsquo;annoncer la cr\u00e9ation d<strong>\u2019Institut<\/strong> <strong>Cofergie<\/strong> : une initiative ambitieuse et f\u00e9d\u00e9ratrice d\u00e9di\u00e9e au renforcement des comp\u00e9tences de 200 d\u00e9cideurs africains dans le domaine crucial des \u00e9nergies renouvelables. <\/p>\n\n\n\n<p>Face au besoin urgent d&rsquo;acc\u00e9l\u00e9rer les projets de production d&rsquo;\u00e9nergie d\u00e9carbon\u00e9e en Afrique, l\u2019Institut COFERGIE propose un enseignement sup\u00e9rieur de pointe pour les hauts dirigeants des secteurs public et priv\u00e9.<\/p>\n\n\n\n<p><strong>Un Master Ex\u00e9cutif d&rsquo;Excellence en Management de la Transition \u00c9nerg\u00e9tique<\/strong><\/p>\n\n\n\n<p>En partenariat avec des institutions acad\u00e9miques fran\u00e7aises sp\u00e9cialis\u00e9es, l\u2019Institut COFERGIE propose <a href=\"https:\/\/cofidef.fr\/index.php\/linstitut-cofergie\/un-master-executif-dexcellence\/\" data-type=\"page\" data-id=\"276\">un Master Ex\u00e9cutif <\/a>rigoureux et adapt\u00e9 aux d\u00e9fis sp\u00e9cifiques de la transition \u00e9nerg\u00e9tique en Afrique. Ce programme unique s&rsquo;adresse exclusivement aux hauts dirigeants des \u00c9tats concern\u00e9s, avec un maximum de 20 b\u00e9n\u00e9ficiaires par pays et par an.<\/p>\n\n\n\n<p><strong>Un Contenu Ax\u00e9 sur l&rsquo;Acc\u00e9l\u00e9ration des Projets Africains<\/strong><\/p>\n\n\n\n<p>Le curriculum du Master Ex\u00e9cutif s&rsquo;articule autour de trois piliers essentiels  :<\/p>\n\n\n\n<ul class=\"wp-block-list\">\n<li><strong>Strat\u00e9gie :<\/strong> D\u00e9velopper les comp\u00e9tences pour \u00e9laborer des plans de transition \u00e9nerg\u00e9tique efficaces et favoriser une croissance \u00e9conomique durable.<\/li>\n\n\n\n<li><strong>\u00c9conomie \u00c9nerg\u00e9tique :<\/strong> Ma\u00eetriser les fondamentaux \u00e9conomiques, r\u00e9glementaires, financiers et environnementaux indispensables \u00e0 la r\u00e9ussite de grands projets solaires sur le continent.<\/li>\n\n\n\n<li><strong>Technique :<\/strong> Acqu\u00e9rir l&rsquo;expertise technique n\u00e9cessaire \u00e0 la gestion et \u00e0 la r\u00e9alisation de projets de production d&rsquo;\u00e9lectricit\u00e9 de grande envergure.<\/li>\n<\/ul>\n\n\n\n<p><strong>Un Programme Innovant et Concret<\/strong><\/p>\n\n\n\n<p>Le Master en Management Op\u00e9rationnel de la Transition \u00c9nerg\u00e9tique, pilot\u00e9 par COFERGIE Institut, se d\u00e9roule sur deux ann\u00e9es. Un tronc commun de deux semestres fournira une base solide dans les fondamentaux de la production d&rsquo;\u00e9nergie et du d\u00e9veloppement durable. Deux parcours distincts seront propos\u00e9s pour r\u00e9pondre aux aspirations professionnelles vari\u00e9es <\/p>\n\n\n\n<p><strong>Un Enseignement de Terrain Unique<\/strong><\/p>\n\n\n\n<p>La sp\u00e9cificit\u00e9 de COFERGIE Institut r\u00e9side dans <strong>l&rsquo;association continue des participants \u00e0 la mise en \u0153uvre concr\u00e8te de <a href=\"https:\/\/cofidef.fr\/index.php\/linstitut-cofergie\/cofergie-arpheuilles\/\" data-type=\"page\" data-id=\"271\">100 MW de puissance install\u00e9e de production d&rsquo;\u00e9nergie solaire sur plusieurs sites<\/a> <\/strong>dans le d\u00e9partement de la Vienne en France, entre 2025 et 2027. Cet enseignement de terrain unique permettra aux \u00e9tudiants et auditeurs de :<\/p>\n\n\n\n<ul class=\"wp-block-list\">\n<li>Dupliquer rapidement des projets de m\u00eame dimension dans leurs pays d&rsquo;origine, en les adaptant aux sp\u00e9cificit\u00e9s locales.<\/li>\n<\/ul>\n\n\n\n<p><strong>Un Investissement pour l&rsquo;Avenir \u00c9nerg\u00e9tique de l&rsquo;Afrique<\/strong><\/p>\n\n\n\n<p>Pour la p\u00e9riode 2025 \u00e0 2027, un budget est consacr\u00e9 \u00e0 cette initiative. L\u2019 Institut COFERGIE pilote cette premi\u00e8re phase sur six pays africains anglophones et francophones signataires : Lib\u00e9ria, Sierra Leone, Guin\u00e9e, Congo, Cameroun et S\u00e9n\u00e9gal. L&rsquo;objectif est d&rsquo;impulser un mouvement partag\u00e9 en faveur d&rsquo;un avenir \u00e9nerg\u00e9tique d\u00e9carbon\u00e9 pour le bien commun en Afrique.<\/p>\n","protected":false},"excerpt":{"rendered":"<p>Institut Cofergie : Former les Leaders Africains de la Transition \u00c9nerg\u00e9tique COFIDEF est fi\u00e8re d&rsquo;annoncer la cr\u00e9ation d\u2019Institut Cofergie : une initiative ambitieuse et f\u00e9d\u00e9ratrice d\u00e9di\u00e9e au renforcement des comp\u00e9tences de 200 d\u00e9cideurs africains dans le domaine crucial des \u00e9nergies renouvelables. Face au besoin urgent d&rsquo;acc\u00e9l\u00e9rer les projets de production d&rsquo;\u00e9nergie d\u00e9carbon\u00e9e en Afrique, l\u2019Institut [&hellip;]<\/p>\n","protected":false},"author":1,"featured_media":62,"parent":0,"menu_order":0,"comment_status":"closed","ping_status":"closed","template":"","meta":{"footnotes":""},"class_list":["post-108","page","type-page","status-publish","has-post-thumbnail","hentry"],"_links":{"self":[{"href":"https:\/\/cofidef.fr\/index.php\/wp-json\/wp\/v2\/pages\/108","targetHints":{"allow":["GET"]}}],"collection":[{"href":"https:\/\/cofidef.fr\/index.php\/wp-json\/wp\/v2\/pages"}],"about":[{"href":"https:\/\/cofidef.fr\/index.php\/wp-json\/wp\/v2\/types\/page"}],"author":[{"embeddable":true,"href":"https:\/\/cofidef.fr\/index.php\/wp-json\/wp\/v2\/users\/1"}],"replies":[{"embeddable":true,"href":"https:\/\/cofidef.fr\/index.php\/wp-json\/wp\/v2\/comments?post=108"}],"version-history":[{"count":13,"href":"https:\/\/cofidef.fr\/index.php\/wp-json\/wp\/v2\/pages\/108\/revisions"}],"predecessor-version":[{"id":324,"href":"https:\/\/cofidef.fr\/index.php\/wp-json\/wp\/v2\/pages\/108\/revisions\/324"}],"wp:featuredmedia":[{"embeddable":true,"href":"https:\/\/cofidef.fr\/index.php\/wp-json\/wp\/v2\/media\/62"}],"wp:attachment":[{"href":"https:\/\/cofidef.fr\/index.php\/wp-json\/wp\/v2\/media?parent=108"}],"curies":[{"name":"wp","href":"https:\/\/api.w.org\/{rel}","templated":true}]}}